{"id":47,"date":"2021-03-05T15:01:40","date_gmt":"2021-03-05T15:01:40","guid":{"rendered":"https:\/\/contrets.com.br\/loja\/?post_type=product&#038;p=47"},"modified":"2021-08-11T21:13:04","modified_gmt":"2021-08-11T21:13:04","slug":"ead-taxista","status":"publish","type":"product","link":"https:\/\/contrets.com.br\/loja\/produto\/ead-taxista\/","title":{"rendered":"EAD Taxista"},"content":{"rendered":"<p style=\"text-align: left;\">Curso com 28 horas\/aula de acordo com a Lei Federal 12.468\/2011 e resolu\u00e7\u00e3o 456\/13 do CONTRAN: Este curso \u00e9 voltado para todos os motoristas que trabalham ou trabalhar\u00e3o em qualquer cidade do Brasil, exceto no munic\u00edpio do Rio de Janeiro, S\u00e3o Paulo e cidades que exigem algum conte\u00fado espec\u00edfico.\u00a0 Nestes casos, entre em contato com o nosso suporte para saber qual o curso correto que voc\u00ea dever\u00e1 se matricular.<\/p>\n","protected":false},"excerpt":{"rendered":"<p>Curso com 28 horas\/aula de acordo com a Lei Federal 12.468\/2011 e resolu\u00e7\u00e3o 456\/13 do CONTRAN: Este curso \u00e9 voltado para todos os motoristas que trabalham ou trabalhar\u00e3o em qualquer cidade do Brasil, exceto no munic\u00edpio do Rio de Janeiro, S\u00e3o Paulo e cidades que exigem algum conte\u00fado espec\u00edfico.\u00a0 Nestes casos, entre em contato com [&hellip;]<\/p>\n","protected":false},"featured_media":122,"comment_status":"open","ping_status":"closed","template":"","meta":[],"product_cat":[19],"product_tag":[],"_links":{"self":[{"href":"https:\/\/contrets.com.br\/loja\/wp-json\/wp\/v2\/product\/47"}],"collection":[{"href":"https:\/\/contrets.com.br\/loja\/wp-json\/wp\/v2\/product"}],"about":[{"href":"https:\/\/contrets.com.br\/loja\/wp-json\/wp\/v2\/types\/product"}],"replies":[{"embeddable":true,"href":"https:\/\/contrets.com.br\/loja\/wp-json\/wp\/v2\/comments?post=47"}],"wp:featuredmedia":[{"embeddable":true,"href":"https:\/\/contrets.com.br\/loja\/wp-json\/wp\/v2\/media\/122"}],"wp:attachment":[{"href":"https:\/\/contrets.com.br\/loja\/wp-json\/wp\/v2\/media?parent=47"}],"wp:term":[{"taxonomy":"product_cat","embeddable":true,"href":"https:\/\/contrets.com.br\/loja\/wp-json\/wp\/v2\/product_cat?post=47"},{"taxonomy":"product_tag","embeddable":true,"href":"https:\/\/contrets.com.br\/loja\/wp-json\/wp\/v2\/product_tag?post=47"}],"curies":[{"name":"wp","href":"https:\/\/api.w.org\/{rel}","templated":true}]}}