{"id":46,"date":"2021-03-05T15:01:06","date_gmt":"2021-03-05T15:01:06","guid":{"rendered":"https:\/\/contrets.com.br\/loja\/?post_type=product&#038;p=46"},"modified":"2021-08-11T21:12:06","modified_gmt":"2021-08-11T21:12:06","slug":"ead-transporte-de-produtos-perigosos","status":"publish","type":"product","link":"https:\/\/contrets.com.br\/loja\/produto\/ead-transporte-de-produtos-perigosos\/","title":{"rendered":"EAD Transporte de Produtos Perigosos &#8220;MOPP&#8221;"},"content":{"rendered":"<p>Para matricular neste curso voc\u00ea deve cumprir os seguintes requisitos:<\/p>\n<ul>\n<li>Ser habilitado nas categorias: B, C, D ou E;<\/li>\n<li>Ter mais de 21 anos;<\/li>\n<li>N\u00e3o ter cometido, nos \u00faltimos doze meses infra\u00e7\u00f5es de natureza: grav\u00edssima, grave ou ser reincidente em infra\u00e7\u00e3o m\u00e9dia;<\/li>\n<li>N\u00e3o estar cumprindo pena de Suspens\u00e3o do Direito de Dirigir;<\/li>\n<\/ul>\n<p><strong>CARGA HOR\u00c1RIA:<\/strong><\/p>\n<p>De acordo com a Resolu\u00e7\u00e3o 789\/2020 do Contran, os cursos de capacita\u00e7\u00e3o especializados t\u00eam a dura\u00e7\u00e3o de 50 horas aula e podem ser realizados no m\u00e1ximo 10 horas aula por dia.<\/p>\n","protected":false},"excerpt":{"rendered":"<p>Para matricular neste curso voc\u00ea deve cumprir os seguintes requisitos: Ser habilitado nas categorias: B, C, D ou E; Ter mais de 21 anos; N\u00e3o ter cometido, nos \u00faltimos doze meses infra\u00e7\u00f5es de natureza: grav\u00edssima, grave ou ser reincidente em infra\u00e7\u00e3o m\u00e9dia; N\u00e3o estar cumprindo pena de Suspens\u00e3o do Direito de Dirigir; CARGA HOR\u00c1RIA: De [&hellip;]<\/p>\n","protected":false},"featured_media":106,"comment_status":"open","ping_status":"closed","template":"","meta":[],"product_cat":[19],"product_tag":[],"_links":{"self":[{"href":"https:\/\/contrets.com.br\/loja\/wp-json\/wp\/v2\/product\/46"}],"collection":[{"href":"https:\/\/contrets.com.br\/loja\/wp-json\/wp\/v2\/product"}],"about":[{"href":"https:\/\/contrets.com.br\/loja\/wp-json\/wp\/v2\/types\/product"}],"replies":[{"embeddable":true,"href":"https:\/\/contrets.com.br\/loja\/wp-json\/wp\/v2\/comments?post=46"}],"wp:featuredmedia":[{"embeddable":true,"href":"https:\/\/contrets.com.br\/loja\/wp-json\/wp\/v2\/media\/106"}],"wp:attachment":[{"href":"https:\/\/contrets.com.br\/loja\/wp-json\/wp\/v2\/media?parent=46"}],"wp:term":[{"taxonomy":"product_cat","embeddable":true,"href":"https:\/\/contrets.com.br\/loja\/wp-json\/wp\/v2\/product_cat?post=46"},{"taxonomy":"product_tag","embeddable":true,"href":"https:\/\/contrets.com.br\/loja\/wp-json\/wp\/v2\/product_tag?post=46"}],"curies":[{"name":"wp","href":"https:\/\/api.w.org\/{rel}","templated":true}]}}