{"id":40,"date":"2021-03-05T14:57:44","date_gmt":"2021-03-05T14:57:44","guid":{"rendered":"https:\/\/contrets.com.br\/loja\/?post_type=product&#038;p=40"},"modified":"2021-08-11T21:16:55","modified_gmt":"2021-08-11T21:16:55","slug":"ead-atual-transporte-de-escolares","status":"publish","type":"product","link":"https:\/\/contrets.com.br\/loja\/produto\/ead-atual-transporte-de-escolares\/","title":{"rendered":"EAD Atualiza\u00e7\u00e3o Transporte de Escolares"},"content":{"rendered":"<p>Para matricular neste curso voc\u00ea deve cumprir os seguintes requisitos:<\/p>\n<ul>\n<li>Ter conclu\u00eddo o curso de capacita\u00e7\u00e3o na mesma modalidade da atualiza\u00e7\u00e3o;<\/li>\n<li>N\u00e3o ter cometido, nos \u00faltimos doze meses infra\u00e7\u00f5es de natureza: grav\u00edssima, grave ou ser reincidente em infra\u00e7\u00e3o m\u00e9dia;<\/li>\n<li>N\u00e3o estar cumprindo pena de Suspens\u00e3o do Direito de Dirigir;<\/li>\n<\/ul>\n<p><strong>CARGA HOR\u00c1RIA:<\/strong><\/p>\n<p>De acordo com a Resolu\u00e7\u00e3o 789\/2020 do Contran, os cursos de atualiza\u00e7\u00e3o t\u00eam a dura\u00e7\u00e3o de 16 horas aula e podem ser realizadas no m\u00e1ximo 10 horas aula por dia.<\/p>\n","protected":false},"excerpt":{"rendered":"<p>Para matricular neste curso voc\u00ea deve cumprir os seguintes requisitos: Ter conclu\u00eddo o curso de capacita\u00e7\u00e3o na mesma modalidade da atualiza\u00e7\u00e3o; N\u00e3o ter cometido, nos \u00faltimos doze meses infra\u00e7\u00f5es de natureza: grav\u00edssima, grave ou ser reincidente em infra\u00e7\u00e3o m\u00e9dia; N\u00e3o estar cumprindo pena de Suspens\u00e3o do Direito de Dirigir; CARGA HOR\u00c1RIA: De acordo com a [&hellip;]<\/p>\n","protected":false},"featured_media":134,"comment_status":"open","ping_status":"closed","template":"","meta":[],"product_cat":[19],"product_tag":[],"_links":{"self":[{"href":"https:\/\/contrets.com.br\/loja\/wp-json\/wp\/v2\/product\/40"}],"collection":[{"href":"https:\/\/contrets.com.br\/loja\/wp-json\/wp\/v2\/product"}],"about":[{"href":"https:\/\/contrets.com.br\/loja\/wp-json\/wp\/v2\/types\/product"}],"replies":[{"embeddable":true,"href":"https:\/\/contrets.com.br\/loja\/wp-json\/wp\/v2\/comments?post=40"}],"wp:featuredmedia":[{"embeddable":true,"href":"https:\/\/contrets.com.br\/loja\/wp-json\/wp\/v2\/media\/134"}],"wp:attachment":[{"href":"https:\/\/contrets.com.br\/loja\/wp-json\/wp\/v2\/media?parent=40"}],"wp:term":[{"taxonomy":"product_cat","embeddable":true,"href":"https:\/\/contrets.com.br\/loja\/wp-json\/wp\/v2\/product_cat?post=40"},{"taxonomy":"product_tag","embeddable":true,"href":"https:\/\/contrets.com.br\/loja\/wp-json\/wp\/v2\/product_tag?post=40"}],"curies":[{"name":"wp","href":"https:\/\/api.w.org\/{rel}","templated":true}]}}