{"id":37,"date":"2021-03-05T14:56:10","date_gmt":"2021-03-05T14:56:10","guid":{"rendered":"https:\/\/contrets.com.br\/loja\/?post_type=product&#038;p=37"},"modified":"2021-08-11T21:18:21","modified_gmt":"2021-08-11T21:18:21","slug":"ead-atualizacao-motofrete","status":"publish","type":"product","link":"https:\/\/contrets.com.br\/loja\/produto\/ead-atualizacao-motofrete\/","title":{"rendered":"EAD Atualiza\u00e7\u00e3o Motofrete"},"content":{"rendered":"<p>Al\u00e9m do curso de Entrega de Mercadorias (Motofrete), o sistema disponibiliza o curso de Atualiza\u00e7\u00e3o para Entrega de Mercadorias (Motofrete), que segue os mesmos moldes do curso anteriormente citado, contemplando os m\u00f3dulos Te\u00f3rico (7 horas\/aula) e de Pr\u00e1tica de Pilotagem Profissional (3 horas\/aula), e deve ser feito pelos Motofretistas ao renovarem sua habilita\u00e7\u00e3o, de acordo com a Resolu\u00e7\u00e3o\u00a0<a href=\"https:\/\/www.eprova.com.br\/site\/assets\/pdf\/brasil\/resolucao_contran_410_02_agosto_2012.pdf\" target=\"_blank\" rel=\"noopener\">CONTRAN 410\/2012<\/a><\/p>\n","protected":false},"excerpt":{"rendered":"<p>Al\u00e9m do curso de Entrega de Mercadorias (Motofrete), o sistema disponibiliza o curso de Atualiza\u00e7\u00e3o para Entrega de Mercadorias (Motofrete), que segue os mesmos moldes do curso anteriormente citado, contemplando os m\u00f3dulos Te\u00f3rico (7 horas\/aula) e de Pr\u00e1tica de Pilotagem Profissional (3 horas\/aula), e deve ser feito pelos Motofretistas ao renovarem sua habilita\u00e7\u00e3o, de acordo [&hellip;]<\/p>\n","protected":false},"featured_media":124,"comment_status":"open","ping_status":"closed","template":"","meta":[],"product_cat":[19],"product_tag":[],"_links":{"self":[{"href":"https:\/\/contrets.com.br\/loja\/wp-json\/wp\/v2\/product\/37"}],"collection":[{"href":"https:\/\/contrets.com.br\/loja\/wp-json\/wp\/v2\/product"}],"about":[{"href":"https:\/\/contrets.com.br\/loja\/wp-json\/wp\/v2\/types\/product"}],"replies":[{"embeddable":true,"href":"https:\/\/contrets.com.br\/loja\/wp-json\/wp\/v2\/comments?post=37"}],"wp:featuredmedia":[{"embeddable":true,"href":"https:\/\/contrets.com.br\/loja\/wp-json\/wp\/v2\/media\/124"}],"wp:attachment":[{"href":"https:\/\/contrets.com.br\/loja\/wp-json\/wp\/v2\/media?parent=37"}],"wp:term":[{"taxonomy":"product_cat","embeddable":true,"href":"https:\/\/contrets.com.br\/loja\/wp-json\/wp\/v2\/product_cat?post=37"},{"taxonomy":"product_tag","embeddable":true,"href":"https:\/\/contrets.com.br\/loja\/wp-json\/wp\/v2\/product_tag?post=37"}],"curies":[{"name":"wp","href":"https:\/\/api.w.org\/{rel}","templated":true}]}}