{"id":35,"date":"2021-03-05T14:55:02","date_gmt":"2021-03-05T14:55:02","guid":{"rendered":"https:\/\/contrets.com.br\/loja\/?post_type=product&#038;p=35"},"modified":"2021-08-11T21:20:06","modified_gmt":"2021-08-11T21:20:06","slug":"ead-renovacao","status":"publish","type":"product","link":"https:\/\/contrets.com.br\/loja\/produto\/ead-renovacao\/","title":{"rendered":"EAD Renova\u00e7\u00e3o CNH"},"content":{"rendered":"<p>Todos os Condutores que tiraram sua Carteira Nacional de Habilita\u00e7\u00e3o (CNH) antes da vig\u00eancia do C\u00f3digo de Tr\u00e2nsito Brasileiro (Lei 9.503) necessitam, ao renovar sua CNH, fazer um Curso de Atualiza\u00e7\u00e3o com carga hor\u00e1ria de 15 horas\/aula contemplando as disciplinas Dire\u00e7\u00e3o Defensiva e No\u00e7\u00f5es de Primeiros Socorros.<\/p>\n<p>De acordo com Resolu\u00e7\u00e3o CONTRAN 168\/2004, o curso de Atualiza\u00e7\u00e3o para Renova\u00e7\u00e3o da CNH pode ser feito a dist\u00e2ncia.<\/p>\n","protected":false},"excerpt":{"rendered":"<p>Todos os Condutores que tiraram sua Carteira Nacional de Habilita\u00e7\u00e3o (CNH) antes da vig\u00eancia do C\u00f3digo de Tr\u00e2nsito Brasileiro (Lei 9.503) necessitam, ao renovar sua CNH, fazer um Curso de Atualiza\u00e7\u00e3o com carga hor\u00e1ria de 15 horas\/aula contemplando as disciplinas Dire\u00e7\u00e3o Defensiva e No\u00e7\u00f5es de Primeiros Socorros. De acordo com Resolu\u00e7\u00e3o CONTRAN 168\/2004, o curso [&hellip;]<\/p>\n","protected":false},"featured_media":114,"comment_status":"open","ping_status":"closed","template":"","meta":[],"product_cat":[19],"product_tag":[],"_links":{"self":[{"href":"https:\/\/contrets.com.br\/loja\/wp-json\/wp\/v2\/product\/35"}],"collection":[{"href":"https:\/\/contrets.com.br\/loja\/wp-json\/wp\/v2\/product"}],"about":[{"href":"https:\/\/contrets.com.br\/loja\/wp-json\/wp\/v2\/types\/product"}],"replies":[{"embeddable":true,"href":"https:\/\/contrets.com.br\/loja\/wp-json\/wp\/v2\/comments?post=35"}],"wp:featuredmedia":[{"embeddable":true,"href":"https:\/\/contrets.com.br\/loja\/wp-json\/wp\/v2\/media\/114"}],"wp:attachment":[{"href":"https:\/\/contrets.com.br\/loja\/wp-json\/wp\/v2\/media?parent=35"}],"wp:term":[{"taxonomy":"product_cat","embeddable":true,"href":"https:\/\/contrets.com.br\/loja\/wp-json\/wp\/v2\/product_cat?post=35"},{"taxonomy":"product_tag","embeddable":true,"href":"https:\/\/contrets.com.br\/loja\/wp-json\/wp\/v2\/product_tag?post=35"}],"curies":[{"name":"wp","href":"https:\/\/api.w.org\/{rel}","templated":true}]}}