{"id":33,"date":"2021-03-05T14:54:30","date_gmt":"2021-03-05T14:54:30","guid":{"rendered":"https:\/\/contrets.com.br\/loja\/?post_type=product&#038;p=33"},"modified":"2021-08-11T21:20:48","modified_gmt":"2021-08-11T21:20:48","slug":"ead-reciclagem","status":"publish","type":"product","link":"https:\/\/contrets.com.br\/loja\/produto\/ead-reciclagem\/","title":{"rendered":"EAD Reciclagem INFRATOR"},"content":{"rendered":"<p>Suspenso do direito de dirigir, o Condutor precisa realizar o curso de Reciclagem com carga hor\u00e1ria total de 30 horas\/aula, contemplando as disciplinas: Legisla\u00e7\u00e3o de Tr\u00e2nsito; Dire\u00e7\u00e3o Defensiva; No\u00e7\u00f5es de Primeiros Socorros e Relacionamento Interpessoal.<\/p>\n<p>De acordo com Resolu\u00e7\u00e3o CONTRAN 168\/2004, o curso de Reciclagem para Condutores Infratores pode ser feito a dist\u00e2ncia.<\/p>\n","protected":false},"excerpt":{"rendered":"<p>Suspenso do direito de dirigir, o Condutor precisa realizar o curso de Reciclagem com carga hor\u00e1ria total de 30 horas\/aula, contemplando as disciplinas: Legisla\u00e7\u00e3o de Tr\u00e2nsito; Dire\u00e7\u00e3o Defensiva; No\u00e7\u00f5es de Primeiros Socorros e Relacionamento Interpessoal. De acordo com Resolu\u00e7\u00e3o CONTRAN 168\/2004, o curso de Reciclagem para Condutores Infratores pode ser feito a dist\u00e2ncia.<\/p>\n","protected":false},"featured_media":115,"comment_status":"open","ping_status":"closed","template":"","meta":[],"product_cat":[19],"product_tag":[],"_links":{"self":[{"href":"https:\/\/contrets.com.br\/loja\/wp-json\/wp\/v2\/product\/33"}],"collection":[{"href":"https:\/\/contrets.com.br\/loja\/wp-json\/wp\/v2\/product"}],"about":[{"href":"https:\/\/contrets.com.br\/loja\/wp-json\/wp\/v2\/types\/product"}],"replies":[{"embeddable":true,"href":"https:\/\/contrets.com.br\/loja\/wp-json\/wp\/v2\/comments?post=33"}],"wp:featuredmedia":[{"embeddable":true,"href":"https:\/\/contrets.com.br\/loja\/wp-json\/wp\/v2\/media\/115"}],"wp:attachment":[{"href":"https:\/\/contrets.com.br\/loja\/wp-json\/wp\/v2\/media?parent=33"}],"wp:term":[{"taxonomy":"product_cat","embeddable":true,"href":"https:\/\/contrets.com.br\/loja\/wp-json\/wp\/v2\/product_cat?post=33"},{"taxonomy":"product_tag","embeddable":true,"href":"https:\/\/contrets.com.br\/loja\/wp-json\/wp\/v2\/product_tag?post=33"}],"curies":[{"name":"wp","href":"https:\/\/api.w.org\/{rel}","templated":true}]}}