{"id":127,"date":"2021-03-08T00:42:36","date_gmt":"2021-03-08T00:42:36","guid":{"rendered":"https:\/\/contrets.com.br\/loja\/?post_type=product&#038;p=127"},"modified":"2022-09-18T20:29:39","modified_gmt":"2022-09-18T20:29:39","slug":"ead-atualizacao-motofrete-2","status":"publish","type":"product","link":"https:\/\/contrets.com.br\/loja\/produto\/ead-atualizacao-motofrete-2\/","title":{"rendered":"EAD Mototaxi"},"content":{"rendered":"<p>Com a publica\u00e7\u00e3o da Lei 12.009, de 29 de julho de 2009, que regulamenta o exerc\u00edcio da atividade de Mototaxista, o profissional desta \u00e1rea precisa ser aprovado em curso especializado, de acordo com as normas do Conselho Nacional de Tr\u00e2nsito (CONTRAN).<\/p>\n<p>O curso regulamentado pela Resolu\u00e7\u00e3o CONTRAN 410\/2012 (alterada pela Resolu\u00e7\u00e3o 414\/2012) possui tr\u00eas m\u00f3dulos: B\u00e1sico, Espec\u00edfico e de Pr\u00e1tica de Pilotagem Profissional, com carga hor\u00e1ria total de 30 horas\/aula.<\/p>\n<p>O curso de Transporte de Passageiros foi homologado pelo Departamento Nacional de Tr\u00e2nsito (DENATRAN), atrav\u00e9s da\u00a0<a href=\"https:\/\/www.eprova.com.br\/site\/assets\/pdf\/brasil\/portaria_denatran_886_2020.pdf\" target=\"_blank\" rel=\"noopener\">Portaria 886\/2020<\/a>.<\/p>\n","protected":false},"excerpt":{"rendered":"<p>Com a publica\u00e7\u00e3o da Lei 12.009, de 29 de julho de 2009, que regulamenta o exerc\u00edcio da atividade de Mototaxista, o profissional desta \u00e1rea precisa ser aprovado em curso especializado, de acordo com as normas do Conselho Nacional de Tr\u00e2nsito (CONTRAN). O curso regulamentado pela Resolu\u00e7\u00e3o CONTRAN 410\/2012 (alterada pela Resolu\u00e7\u00e3o 414\/2012) possui tr\u00eas m\u00f3dulos: [&hellip;]<\/p>\n","protected":false},"featured_media":128,"comment_status":"open","ping_status":"closed","template":"","meta":[],"product_cat":[19],"product_tag":[],"_links":{"self":[{"href":"https:\/\/contrets.com.br\/loja\/wp-json\/wp\/v2\/product\/127"}],"collection":[{"href":"https:\/\/contrets.com.br\/loja\/wp-json\/wp\/v2\/product"}],"about":[{"href":"https:\/\/contrets.com.br\/loja\/wp-json\/wp\/v2\/types\/product"}],"replies":[{"embeddable":true,"href":"https:\/\/contrets.com.br\/loja\/wp-json\/wp\/v2\/comments?post=127"}],"wp:featuredmedia":[{"embeddable":true,"href":"https:\/\/contrets.com.br\/loja\/wp-json\/wp\/v2\/media\/128"}],"wp:attachment":[{"href":"https:\/\/contrets.com.br\/loja\/wp-json\/wp\/v2\/media?parent=127"}],"wp:term":[{"taxonomy":"product_cat","embeddable":true,"href":"https:\/\/contrets.com.br\/loja\/wp-json\/wp\/v2\/product_cat?post=127"},{"taxonomy":"product_tag","embeddable":true,"href":"https:\/\/contrets.com.br\/loja\/wp-json\/wp\/v2\/product_tag?post=127"}],"curies":[{"name":"wp","href":"https:\/\/api.w.org\/{rel}","templated":true}]}}